{"id":394,"date":"2021-02-17T14:13:17","date_gmt":"2021-02-17T14:13:17","guid":{"rendered":"https:\/\/concellodepanton.es\/?page_id=394"},"modified":"2024-04-25T12:09:17","modified_gmt":"2024-04-25T12:09:17","slug":"contacto","status":"publish","type":"page","link":"https:\/\/concellodepanton.es\/es\/contacto\/","title":{"rendered":"Contacto"},"content":{"rendered":"<div data-elementor-type=\"wp-page\" data-elementor-id=\"394\" class=\"elementor elementor-394\">\n\t\t\t\t\t\t\t\t\t<section class=\"elementor-section elementor-top-section elementor-element elementor-element-56e2c6f elementor-section-height-min-height elementor-section-content-middle elementor-section-items-top elementor-section-boxed elementor-section-height-default\" data-id=\"56e2c6f\" data-element_type=\"section\" data-settings=\"{&quot;background_background&quot;:&quot;classic&quot;}\">\n\t\t\t\t\t\t\t<div class=\"elementor-background-overlay\"><\/div>\n\t\t\t\t\t\t\t<div class=\"elementor-container elementor-column-gap-default\">\n\t\t\t\t\t<div class=\"elementor-column elementor-col-100 elementor-top-column elementor-element elementor-element-38ef2f16\" data-id=\"38ef2f16\" data-element_type=\"column\">\n\t\t\t<div class=\"elementor-widget-wrap elementor-element-populated\">\n\t\t\t\t\t\t\t\t\t<\/div>\n\t\t<\/div>\n\t\t\t\t\t\t\t<\/div>\n\t\t<\/section>\n\t\t\t\t<section class=\"elementor-section elementor-top-section elementor-element elementor-element-ed5f185 elementor-section-content-middle elementor-section-boxed elementor-section-height-default elementor-section-height-default\" data-id=\"ed5f185\" data-element_type=\"section\" data-settings=\"{&quot;background_background&quot;:&quot;classic&quot;}\">\n\t\t\t\t\t\t<div class=\"elementor-container elementor-column-gap-no\">\n\t\t\t\t\t<div class=\"elementor-column elementor-col-50 elementor-top-column elementor-element elementor-element-159bfa7c\" data-id=\"159bfa7c\" data-element_type=\"column\">\n\t\t\t<div class=\"elementor-widget-wrap elementor-element-populated\">\n\t\t\t\t\t\t\t\t<div class=\"elementor-element elementor-element-711baa06 elementor-widget elementor-widget-image\" data-id=\"711baa06\" data-element_type=\"widget\" data-widget_type=\"image.default\">\n\t\t\t\t<div class=\"elementor-widget-container\">\n\t\t\t\t\t\t\t\t\t\t\t\t\t\t\t<img loading=\"lazy\" decoding=\"async\" width=\"1280\" height=\"960\" src=\"https:\/\/concellodepanton.es\/wp-content\/uploads\/2021\/07\/P1370897.jpg\" class=\"attachment-full size-full wp-image-1620\" alt=\"\" srcset=\"https:\/\/concellodepanton.es\/wp-content\/uploads\/2021\/07\/P1370897.jpg 1280w, https:\/\/concellodepanton.es\/wp-content\/uploads\/2021\/07\/P1370897-300x225.jpg 300w, https:\/\/concellodepanton.es\/wp-content\/uploads\/2021\/07\/P1370897-1024x768.jpg 1024w, https:\/\/concellodepanton.es\/wp-content\/uploads\/2021\/07\/P1370897-768x576.jpg 768w\" sizes=\"auto, (max-width: 1280px) 100vw, 1280px\" \/>\t\t\t\t\t\t\t\t\t\t\t\t\t\t\t<\/div>\n\t\t\t\t<\/div>\n\t\t\t\t\t<\/div>\n\t\t<\/div>\n\t\t\t\t<div class=\"elementor-column elementor-col-50 elementor-top-column elementor-element elementor-element-38605270\" data-id=\"38605270\" data-element_type=\"column\">\n\t\t\t<div class=\"elementor-widget-wrap elementor-element-populated\">\n\t\t\t\t\t\t\t\t<div class=\"elementor-element elementor-element-7cfa60ac elementor-widget elementor-widget-heading\" data-id=\"7cfa60ac\" data-element_type=\"widget\" data-widget_type=\"heading.default\">\n\t\t\t\t<div class=\"elementor-widget-container\">\n\t\t\t<h4 class=\"elementor-heading-title elementor-size-default\">Ayuntamiento de Pant\u00f3n<\/h4>\t\t<\/div>\n\t\t\t\t<\/div>\n\t\t\t\t<div class=\"elementor-element elementor-element-3558d98f elementor-widget elementor-widget-text-editor\" data-id=\"3558d98f\" data-element_type=\"widget\" data-widget_type=\"text-editor.default\">\n\t\t\t\t<div class=\"elementor-widget-container\">\n\t\t\t\t\t\t\t<p><span style=\"color: #ffffff;\">El ayuntamiento de Pant\u00f3n est\u00e1 situado en el Sur de la provincia de Lugo, en la denominada Ribeira Sacra Lucense. Sus l\u00edmites vienen marcados por los r\u00edos Mi\u00f1o, Cabe y Sil que la convierten en la \"Mesopotamia\" gallega.<\/span><\/p>\t\t\t\t\t\t<\/div>\n\t\t\t\t<\/div>\n\t\t\t\t\t<\/div>\n\t\t<\/div>\n\t\t\t\t\t\t\t<\/div>\n\t\t<\/section>\n\t\t\t\t<section class=\"elementor-section elementor-top-section elementor-element elementor-element-384828cc elementor-section-full_width elementor-section-height-default elementor-section-height-default\" data-id=\"384828cc\" data-element_type=\"section\" data-settings=\"{&quot;background_background&quot;:&quot;classic&quot;}\">\n\t\t\t\t\t\t<div class=\"elementor-container elementor-column-gap-no\">\n\t\t\t\t\t<div class=\"elementor-column elementor-col-100 elementor-top-column elementor-element elementor-element-370f0a52\" data-id=\"370f0a52\" data-element_type=\"column\">\n\t\t\t<div class=\"elementor-widget-wrap elementor-element-populated\">\n\t\t\t\t\t\t\t\t<div class=\"elementor-element elementor-element-3641894a elementor-widget elementor-widget-google_maps\" data-id=\"3641894a\" data-element_type=\"widget\" data-widget_type=\"google_maps.default\">\n\t\t\t\t<div class=\"elementor-widget-container\">\n\t\t\t\t\t<div class=\"elementor-custom-embed\">\n\t\t\t<iframe loading=\"lazy\"\n\t\t\t\t\tsrc=\"https:\/\/maps.google.com\/maps?q=Concello%20de%20panton&#038;t=m&#038;z=18&#038;output=embed&#038;iwloc=near\"\n\t\t\t\t\ttitle=\"Concello de panton\"\n\t\t\t\t\taria-label=\"Concello de panton\"\n\t\t\t><\/iframe>\n\t\t<\/div>\n\t\t\t\t<\/div>\n\t\t\t\t<\/div>\n\t\t\t\t<section class=\"elementor-section elementor-inner-section elementor-element elementor-element-6026688 elementor-section-content-middle elementor-section-boxed elementor-section-height-default elementor-section-height-default\" data-id=\"6026688\" data-element_type=\"section\">\n\t\t\t\t\t\t<div class=\"elementor-container elementor-column-gap-no\">\n\t\t\t\t\t<div class=\"elementor-column elementor-col-33 elementor-inner-column elementor-element elementor-element-ecce4f0\" data-id=\"ecce4f0\" data-element_type=\"column\">\n\t\t\t<div class=\"elementor-widget-wrap elementor-element-populated\">\n\t\t\t\t\t\t\t\t<div class=\"elementor-element elementor-element-27a6b55 elementor-widget elementor-widget-heading\" data-id=\"27a6b55\" data-element_type=\"widget\" data-widget_type=\"heading.default\">\n\t\t\t\t<div class=\"elementor-widget-container\">\n\t\t\t<h6 class=\"elementor-heading-title elementor-size-default\">Direcci\u00f3n<\/h6>\t\t<\/div>\n\t\t\t\t<\/div>\n\t\t\t\t<div class=\"elementor-element elementor-element-14da39b elementor-widget elementor-widget-text-editor\" data-id=\"14da39b\" data-element_type=\"widget\" data-widget_type=\"text-editor.default\">\n\t\t\t\t<div class=\"elementor-widget-container\">\n\t\t\t\t\t\t\t<p><span style=\"color: #ffffff;\">Praza do Concello s\/n<\/span><br \/><span style=\"color: #ffffff;\">O Castro de Ferreira<\/span><br \/><span style=\"color: #ffffff;\">27430 Pant\u00f3n (Lugo)<\/span><\/p>\t\t\t\t\t\t<\/div>\n\t\t\t\t<\/div>\n\t\t\t\t\t<\/div>\n\t\t<\/div>\n\t\t\t\t<div class=\"elementor-column elementor-col-33 elementor-inner-column elementor-element elementor-element-3467340\" data-id=\"3467340\" data-element_type=\"column\">\n\t\t\t<div class=\"elementor-widget-wrap elementor-element-populated\">\n\t\t\t\t\t\t\t\t<div class=\"elementor-element elementor-element-4a4d04d elementor-widget elementor-widget-heading\" data-id=\"4a4d04d\" data-element_type=\"widget\" data-widget_type=\"heading.default\">\n\t\t\t\t<div class=\"elementor-widget-container\">\n\t\t\t<h6 class=\"elementor-heading-title elementor-size-default\">Contactar<\/h6>\t\t<\/div>\n\t\t\t\t<\/div>\n\t\t\t\t\t<\/div>\n\t\t<\/div>\n\t\t\t\t<div class=\"elementor-column elementor-col-33 elementor-inner-column elementor-element elementor-element-1fdec26\" data-id=\"1fdec26\" data-element_type=\"column\">\n\t\t\t<div class=\"elementor-widget-wrap elementor-element-populated\">\n\t\t\t\t\t\t\t\t<div class=\"elementor-element elementor-element-60e5603 elementor-widget__width-initial elementor-widget elementor-widget-text-editor\" data-id=\"60e5603\" data-element_type=\"widget\" data-widget_type=\"text-editor.default\">\n\t\t\t\t<div class=\"elementor-widget-container\">\n\t\t\t\t\t\t\t<p><span style=\"color: #ffffff;\">Tel: 982 456 005 \u00a0<br \/>Fax: 982 456 562<\/span><\/p><p><span style=\"color: #ffffff;\">concello.de.panton@eidolocal.es<\/span><\/p><p><span style=\"color: #ffffff;\">rexistrocivil@concellodepanton.es<\/span><\/p><p><span style=\"color: #ffffff;\">culturapanton@gmail.com<br \/>turismopanton@hotmail.com<br \/>omixpanton@gmail.com<\/span><\/p>\t\t\t\t\t\t<\/div>\n\t\t\t\t<\/div>\n\t\t\t\t<div class=\"elementor-element elementor-element-a5bb497 elementor-widget elementor-widget-text-editor\" data-id=\"a5bb497\" data-element_type=\"widget\" data-widget_type=\"text-editor.default\">\n\t\t\t\t<div class=\"elementor-widget-container\">\n\t\t\t\t\t\t\t\t\t\t\t\t\t<\/div>\n\t\t\t\t<\/div>\n\t\t\t\t\t<\/div>\n\t\t<\/div>\n\t\t\t\t\t\t\t<\/div>\n\t\t<\/section>\n\t\t\t\t\t<\/div>\n\t\t<\/div>\n\t\t\t\t\t\t\t<\/div>\n\t\t<\/section>\n\t\t\t\t\t\t\t<\/div>","protected":false},"excerpt":{"rendered":"<p>Concello de Pant\u00f3n O concello de Pant\u00f3n est\u00e1 situado no Sur da provincia de Lugo, na denominada Ribeira Sacra Lucense. Os seus l\u00edmites ve\u00f1en marcados polos r\u00edos Mi\u00f1o, Cabe e Sil que a convirten na &#8220;Mesopotamia&#8221; galega. Enderezo Praza do Concello s\/nO Castro de Ferreira27430 Pant\u00f3n (Lugo) Contactar Tel: 982 456 005 \u00a0Fax: 982 456 &hellip;<\/p>\n<p class=\"read-more\"> <a class=\"\" href=\"https:\/\/concellodepanton.es\/es\/contacto\/\"> <span class=\"screen-reader-text\">Contacto<\/span> Leer m\u00e1s &raquo;<\/a><\/p>","protected":false},"author":1,"featured_media":0,"parent":0,"menu_order":0,"comment_status":"closed","ping_status":"closed","template":"","meta":{"footnotes":""},"class_list":["post-394","page","type-page","status-publish","hentry"],"_links":{"self":[{"href":"https:\/\/concellodepanton.es\/es\/wp-json\/wp\/v2\/pages\/394","targetHints":{"allow":["GET"]}}],"collection":[{"href":"https:\/\/concellodepanton.es\/es\/wp-json\/wp\/v2\/pages"}],"about":[{"href":"https:\/\/concellodepanton.es\/es\/wp-json\/wp\/v2\/types\/page"}],"author":[{"embeddable":true,"href":"https:\/\/concellodepanton.es\/es\/wp-json\/wp\/v2\/users\/1"}],"replies":[{"embeddable":true,"href":"https:\/\/concellodepanton.es\/es\/wp-json\/wp\/v2\/comments?post=394"}],"version-history":[{"count":46,"href":"https:\/\/concellodepanton.es\/es\/wp-json\/wp\/v2\/pages\/394\/revisions"}],"predecessor-version":[{"id":4909,"href":"https:\/\/concellodepanton.es\/es\/wp-json\/wp\/v2\/pages\/394\/revisions\/4909"}],"wp:attachment":[{"href":"https:\/\/concellodepanton.es\/es\/wp-json\/wp\/v2\/media?parent=394"}],"curies":[{"name":"wp","href":"https:\/\/api.w.org\/{rel}","templated":true}]}}